{"id":73,"date":"2012-04-12T13:21:16","date_gmt":"2012-04-12T13:21:16","guid":{"rendered":"http:\/\/localhost\/ellelui\/?page_id=73"},"modified":"2012-04-12T13:21:16","modified_gmt":"2012-04-12T13:21:16","slug":"sujets-abordes","status":"publish","type":"page","link":"https:\/\/ellelui.ch\/?page_id=73","title":{"rendered":"Sujets abord\u00e9s"},"content":{"rendered":"<h2><strong>Sujets abord\u00e9s dans les expos\u00e9s<\/strong><\/h2>\n<p>Poser                          de bons fondements<\/p>\n<p>L\u2019art                          de la communication<\/p>\n<p>La                          r\u00e9solution des conflits<\/p>\n<p>La                          puissance du pardon<\/p>\n<p>Parents                          et beaux-parents<\/p>\n<p>Une                          sexualit\u00e9 vraie<\/p>\n<p>L\u2019amour                          en action<\/p>\n","protected":false},"excerpt":{"rendered":"<p>Sujets abord\u00e9s dans les expos\u00e9s Poser de bons fondements L\u2019art de la communication La r\u00e9solution des conflits La puissance du pardon Parents et beaux-parents Une sexualit\u00e9 vraie L\u2019amour en action<\/p>\n","protected":false},"author":2,"featured_media":0,"parent":51,"menu_order":5,"comment_status":"closed","ping_status":"closed","template":"","meta":[],"_links":{"self":[{"href":"https:\/\/ellelui.ch\/index.php?rest_route=\/wp\/v2\/pages\/73"}],"collection":[{"href":"https:\/\/ellelui.ch\/index.php?rest_route=\/wp\/v2\/pages"}],"about":[{"href":"https:\/\/ellelui.ch\/index.php?rest_route=\/wp\/v2\/types\/page"}],"author":[{"embeddable":true,"href":"https:\/\/ellelui.ch\/index.php?rest_route=\/wp\/v2\/users\/2"}],"replies":[{"embeddable":true,"href":"https:\/\/ellelui.ch\/index.php?rest_route=%2Fwp%2Fv2%2Fcomments&post=73"}],"version-history":[{"count":0,"href":"https:\/\/ellelui.ch\/index.php?rest_route=\/wp\/v2\/pages\/73\/revisions"}],"up":[{"embeddable":true,"href":"https:\/\/ellelui.ch\/index.php?rest_route=\/wp\/v2\/pages\/51"}],"wp:attachment":[{"href":"https:\/\/ellelui.ch\/index.php?rest_route=%2Fwp%2Fv2%2Fmedia&parent=73"}],"curies":[{"name":"wp","href":"https:\/\/api.w.org\/{rel}","templated":true}]}}