{"id":67,"date":"2012-04-12T13:20:06","date_gmt":"2012-04-12T13:20:06","guid":{"rendered":"http:\/\/localhost\/ellelui\/?page_id=67"},"modified":"2012-04-12T13:20:06","modified_gmt":"2012-04-12T13:20:06","slug":"qui-a-concu","status":"publish","type":"page","link":"https:\/\/ellelui.ch\/?page_id=67","title":{"rendered":"Qui a con\u00e7u"},"content":{"rendered":"<h2>Qui a con\u00e7u <em>Elle&amp;Lui<\/em>?<\/h2>\n<p>Un couple pastoral Nicky et Sila Lee l\u2019a lanc\u00e9                          en 1996. Mari\u00e9s depuis plus de vingt ans, parents                          de quatre enfants, les Lee font partie de l\u2019\u00e9quipe                          pastorale de Holy Trinity Brompton, l\u2019\u00e9glise                          londonienne qui est \u00e0 l\u2019origine des cours Alpha.<\/p>\n<p>Nicky et Sila Lee ont trait\u00e9 du sujet du couple                          devant plusieurs milliers de personnes. Ils ont \u00e9crit                          le livre <em>Elle&amp;Lui<\/em> qui, depuis sa parution en                          2000, s\u2019est vendu \u00e0 plus de 43&#8217;000 exemplaires.                          Ils donnent <em>Elle&amp;Lu<\/em>i trois fois par an                          dans l\u2019\u00e9glise Holy Trinity Brompton avec plus                          de 100 participants \u00e0 chaque cours.<\/p>\n<p><span style=\"color: #888888;\">&#8220;Notre soci\u00e9t\u00e9                          remet fortement le mariage en question, certains le                          traitant m\u00eame d\u2019institution d\u00e9pass\u00e9e.\u00a0                          Ceux qui se marient ont de plus en plus de difficult\u00e9s                          \u00e0 rester unis.\u00a0 Le taux des divorces conna\u00eet                          une augmentation alarmante. Peut-on trouver des r\u00e9ponses                          ?&#8221;<\/span><\/p>\n","protected":false},"excerpt":{"rendered":"<p>Qui a con\u00e7u Elle&amp;Lui? Un couple pastoral Nicky et Sila Lee l\u2019a lanc\u00e9 en 1996. Mari\u00e9s depuis plus de vingt ans, parents de quatre enfants, les Lee font partie de l\u2019\u00e9quipe pastorale de Holy Trinity Brompton, l\u2019\u00e9glise londonienne qui est &hellip; <a href=\"https:\/\/ellelui.ch\/?page_id=67\">Continue reading <span class=\"meta-nav\">&rarr;<\/span><\/a><\/p>\n","protected":false},"author":2,"featured_media":0,"parent":51,"menu_order":2,"comment_status":"closed","ping_status":"closed","template":"","meta":[],"_links":{"self":[{"href":"https:\/\/ellelui.ch\/index.php?rest_route=\/wp\/v2\/pages\/67"}],"collection":[{"href":"https:\/\/ellelui.ch\/index.php?rest_route=\/wp\/v2\/pages"}],"about":[{"href":"https:\/\/ellelui.ch\/index.php?rest_route=\/wp\/v2\/types\/page"}],"author":[{"embeddable":true,"href":"https:\/\/ellelui.ch\/index.php?rest_route=\/wp\/v2\/users\/2"}],"replies":[{"embeddable":true,"href":"https:\/\/ellelui.ch\/index.php?rest_route=%2Fwp%2Fv2%2Fcomments&post=67"}],"version-history":[{"count":0,"href":"https:\/\/ellelui.ch\/index.php?rest_route=\/wp\/v2\/pages\/67\/revisions"}],"up":[{"embeddable":true,"href":"https:\/\/ellelui.ch\/index.php?rest_route=\/wp\/v2\/pages\/51"}],"wp:attachment":[{"href":"https:\/\/ellelui.ch\/index.php?rest_route=%2Fwp%2Fv2%2Fmedia&parent=67"}],"curies":[{"name":"wp","href":"https:\/\/api.w.org\/{rel}","templated":true}]}}