{"id":65,"date":"2012-04-12T13:19:42","date_gmt":"2012-04-12T13:19:42","guid":{"rendered":"http:\/\/localhost\/ellelui\/?page_id=65"},"modified":"2012-04-12T13:19:42","modified_gmt":"2012-04-12T13:19:42","slug":"en-quoi-consiste","status":"publish","type":"page","link":"https:\/\/ellelui.ch\/?page_id=65","title":{"rendered":"En quoi consiste"},"content":{"rendered":"<h1>En                          quoi consiste les soir\u00e9es ?<\/h1>\n<p>Sept soir\u00e9es pour d\u00e9velopper\u00a0de meilleures relations conjugales.<\/p>\n<p>C\u2019est l\u2019occasion pour les \u00e9poux de passer                          du temps ensemble et de r\u00e9fl\u00e9chir en couple                          sur les points importants de leur relation.<\/p>\n<p>Le cours se veut pratique et pr\u00e9sente les                          outils qui vous permettront de construire votre couple                          pour la vie.<\/p>\n<p>Chaque semaine, l\u2019occasion vous est donn\u00e9e                          de prendre un repas en t\u00eate \u00e0 t\u00eate                          suivi d\u2019un expos\u00e9. Vous avez ensuite le temps                          d\u2019en discuter en couple. Il n\u2019y a aucun travail de groupe                          pendant le cours.<\/p>\n<p>Actuellement, le cours <em>Elle&amp;Lui<\/em> est propos\u00e9                          dans 13 pays. Nous esp\u00e9rons que vous en trouverez                          un pr\u00e8s de chez vous.<\/p>\n","protected":false},"excerpt":{"rendered":"<p>En quoi consiste les soir\u00e9es ? Sept soir\u00e9es pour d\u00e9velopper\u00a0de meilleures relations conjugales. C\u2019est l\u2019occasion pour les \u00e9poux de passer du temps ensemble et de r\u00e9fl\u00e9chir en couple sur les points importants de leur relation. Le cours se veut pratique &hellip; <a href=\"https:\/\/ellelui.ch\/?page_id=65\">Continue reading <span class=\"meta-nav\">&rarr;<\/span><\/a><\/p>\n","protected":false},"author":2,"featured_media":0,"parent":51,"menu_order":1,"comment_status":"closed","ping_status":"closed","template":"","meta":[],"_links":{"self":[{"href":"https:\/\/ellelui.ch\/index.php?rest_route=\/wp\/v2\/pages\/65"}],"collection":[{"href":"https:\/\/ellelui.ch\/index.php?rest_route=\/wp\/v2\/pages"}],"about":[{"href":"https:\/\/ellelui.ch\/index.php?rest_route=\/wp\/v2\/types\/page"}],"author":[{"embeddable":true,"href":"https:\/\/ellelui.ch\/index.php?rest_route=\/wp\/v2\/users\/2"}],"replies":[{"embeddable":true,"href":"https:\/\/ellelui.ch\/index.php?rest_route=%2Fwp%2Fv2%2Fcomments&post=65"}],"version-history":[{"count":0,"href":"https:\/\/ellelui.ch\/index.php?rest_route=\/wp\/v2\/pages\/65\/revisions"}],"up":[{"embeddable":true,"href":"https:\/\/ellelui.ch\/index.php?rest_route=\/wp\/v2\/pages\/51"}],"wp:attachment":[{"href":"https:\/\/ellelui.ch\/index.php?rest_route=%2Fwp%2Fv2%2Fmedia&parent=65"}],"curies":[{"name":"wp","href":"https:\/\/api.w.org\/{rel}","templated":true}]}}