{"id":547,"date":"2017-11-13T16:48:38","date_gmt":"2017-11-13T16:48:38","guid":{"rendered":"http:\/\/www.ellelui.ch\/?page_id=547"},"modified":"2019-12-07T16:27:11","modified_gmt":"2019-12-07T16:27:11","slug":"soirees-2018","status":"publish","type":"page","link":"https:\/\/ellelui.ch\/?page_id=547","title":{"rendered":"Soir\u00e9es 2018"},"content":{"rendered":"<table style=\"width: 754px; height: 406px;\" border=\"0\" align=\"left\">\n<tbody>\n<tr>\n<td><span style=\"color: #000080; font-size: 12px; font-family: helvetica, arial, sans-serif;\">Lieu<\/span><\/td>\n<td><span style=\"color: #000080; font-family: helvetica, arial, sans-serif; font-size: 12px;\">Date<\/span><\/td>\n<td><span style=\"color: #000080; font-family: helvetica, arial, sans-serif; font-size: 12px;\">T\u00e9l<\/span><\/td>\n<td><span style=\"color: #000080; font-family: helvetica, arial, sans-serif; font-size: 12px;\">Courriel<\/span><\/td>\n<td><span style=\"color: #000080; font-family: helvetica, arial, sans-serif; font-size: 12px;\">Prix<\/span><\/td>\n<td><span style=\"color: #000080; font-family: helvetica, arial, sans-serif; font-size: 12px;\">Jour<\/span><\/td>\n<td><span style=\"color: #000080; font-family: helvetica, arial, sans-serif; font-size: 12px;\">Infos<\/span><\/td>\n<\/tr>\n<tr>\n<td><span style=\"font-family: helvetica, arial, sans-serif; font-size: 12px;\">VD<\/span><\/td>\n<td><span style=\"font-family: helvetica, arial, sans-serif; font-size: 12px;\">10 jan &#8211; 28 f\u00e9v<\/span><\/td>\n<td><span style=\"font-family: helvetica, arial, sans-serif; font-size: 12px;\">079 44424 01<\/span><\/td>\n<td><span style=\"font-family: helvetica, arial, sans-serif; font-size: 12px;\"><a href=\"mailto:casimir.gabioud@paroisses-entremont.ch\">mail<\/a><\/span><\/td>\n<td><span style=\"font-family: helvetica, arial, sans-serif; font-size: 12px;\">350.-<\/span><\/td>\n<td><span style=\"font-family: helvetica, arial, sans-serif; font-size: 12px;\">mercredi<\/span><\/td>\n<td><span style=\"font-family: helvetica, arial, sans-serif; font-size: 12px;\"><a href=\"http:\/\/terminus-orsieres.ch\/restaurant\/\">Restaurant le Quai de l&#8217;Ours \u00e0 Orsi\u00e8res<\/a><\/span><\/td>\n<\/tr>\n<tr>\n<td><span style=\"font-family: helvetica, arial, sans-serif; font-size: 12px;\">NE<\/span><\/td>\n<td><span style=\"font-family: helvetica, arial, sans-serif; font-size: 12px;\">26 jan &#8211; 23 mars<\/span><\/td>\n<td><span style=\"font-family: helvetica, arial, sans-serif; font-size: 12px;\">079 240 62 48<\/span><\/td>\n<td><span style=\"font-family: helvetica, arial, sans-serif; font-size: 12px;\"><a href=\"mailto:ruth.lechot@larochette.ch\">mail<\/a><\/span><\/td>\n<td><span style=\"font-family: helvetica, arial, sans-serif; font-size: 12px;\">320.-<\/span><\/td>\n<td><span style=\"font-family: helvetica, arial, sans-serif; font-size: 12px;\">vendredi<\/span><\/td>\n<td><span style=\"font-family: helvetica, arial, sans-serif; font-size: 12px;\">H\u00f4tel de Commune da Paola,Rue des Coteaux 2,2016 Cortaillod<\/span><\/td>\n<\/tr>\n<tr>\n<td><span style=\"font-family: helvetica, arial, sans-serif; font-size: 12px;\">VS<\/span><\/td>\n<td><span style=\"font-family: helvetica, arial, sans-serif; font-size: 12px;\">14 f\u00e9v &#8211; 28 mars<\/span><\/td>\n<td><span style=\"font-family: helvetica, arial, sans-serif; font-size: 12px;\">079.882.98.26<\/span><\/td>\n<td><span style=\"font-family: helvetica, arial, sans-serif; font-size: 12px;\"><a href=\"mailto:ydin@sunrise.ch \">mail<\/a><\/span><\/p>\n<p>&nbsp;<\/td>\n<td><span style=\"font-family: helvetica, arial, sans-serif; font-size: 12px;\">420.-<\/span><\/td>\n<td><span style=\"font-family: helvetica, arial, sans-serif; font-size: 12px;\">mercredi<\/span><\/td>\n<td><span style=\"font-family: helvetica, arial, sans-serif; font-size: 12px;\"><a href=\"http:\/\/www.moulinsemblanet.ch\/\">Au Moulin du Semblanet<\/a><\/span><\/td>\n<\/tr>\n<tr>\n<td><span style=\"font-family: helvetica, arial, sans-serif; font-size: 12px;\">VD<\/span><\/td>\n<td><span style=\"font-family: helvetica, arial, sans-serif; font-size: 12px;\">30 aug &#8211; 9 oct<\/span><\/td>\n<td><span style=\"font-family: helvetica, arial, sans-serif; font-size: 12px;\">079\/224.82.47 <\/span><\/td>\n<td><span style=\"font-family: helvetica, arial, sans-serif; font-size: 12px;\"><a href=\"mailto:pabussard@bluewin.ch\">mail <\/a><\/span><\/p>\n<p><span style=\"font-family: helvetica, arial, sans-serif; font-size: 12px;\"><a href=\"mailto:pabussard@bluewin.ch\"> <\/a><a href=\"mailto:pabussard@bluewin.ch\"><\/a><a href=\"mailto:pabussard@bluewin.ch\"><\/a><a href=\"mailto:pabussard@bluewin.ch\"><\/a><a href=\"mailto:pabussard@bluewin.ch\"><\/a><a href=\"mailto:pabussard@bluewin.ch\"><\/a><a href=\"mailto:pabussard@bluewin.ch\"><\/a><a href=\"mailto:valery.gonin@gmail.com\"><\/a><a href=\"mailto:valery.gonin@gmail.com\"><\/a><a href=\"mailto:valery.gonin@gmail.com\"><\/a><a href=\"mailto:valery.gonin@gmail.com\"><\/a><a href=\"mailto:valery.gonin@gmail.com\"><\/a><a href=\"mailto:valery.gonin@gmail.com\"><\/a><\/span><\/td>\n<td><span style=\"font-family: helvetica, arial, sans-serif; font-size: 12px;\">350.-<\/span><\/td>\n<td><span style=\"font-family: helvetica, arial, sans-serif; font-size: 12px;\">jeudi<\/span><\/td>\n<td><span style=\"font-family: helvetica, arial, sans-serif; font-size: 12px;\">la Paroisse du Mont-sur -Lausanne<\/span><\/td>\n<\/tr>\n<tr>\n<td><span style=\"font-family: helvetica, arial, sans-serif; font-size: 12px;\">FR<\/span><\/td>\n<td><span style=\"font-family: helvetica, arial, sans-serif; font-size: 12px;\">1 nov &#8211; *<\/span><\/td>\n<td><span style=\"font-family: helvetica, arial, sans-serif; font-size: 12px;\">026 558.80.40<\/span><\/td>\n<td><span style=\"font-family: helvetica, arial, sans-serif; font-size: 12px;\"><a href=\"mailto:francoisegeorges.f@gmail.com\">mail<\/a><\/span><\/p>\n<p>&nbsp;<\/td>\n<td><span style=\"font-family: helvetica, arial, sans-serif; font-size: 12px;\">*<\/span><\/td>\n<td><span style=\"font-family: helvetica, arial, sans-serif; font-size: 12px;\">jeudi<\/span><\/td>\n<td><span style=\"font-family: helvetica, arial, sans-serif; font-size: 12px;\">Restaurant de la cit\u00e9 saint Justin, rue de Rome 3, Fribourg<\/span><\/td>\n<\/tr>\n<tr>\n<td><span style=\"font-family: helvetica, arial, sans-serif; font-size: 12px;\">Fr<\/span><\/td>\n<td><span style=\"font-family: helvetica, arial, sans-serif; font-size: 12px;\">24 jan 2019<\/span><\/p>\n<p><span style=\"font-family: helvetica, arial, sans-serif; font-size: 12px;\">&#8211; 16 mai<\/span><\/td>\n<td><span style=\"font-family: helvetica, arial, sans-serif; font-size: 12px;\">+33 6 73 32 33 32<\/span><\/td>\n<td><span style=\"font-family: helvetica, arial, sans-serif; font-size: 12px;\"><a href=\"mailto:valery.gonin@gmail.com\"><\/a><\/span><\/p>\n<p><span style=\"font-family: helvetica, arial, sans-serif; font-size: 12px;\"><a href=\"mailto:alphacouple.paysdegex@gmail.com\">mail<\/a><\/span><\/td>\n<td><span style=\"font-family: helvetica, arial, sans-serif; font-size: 12px;\">\u20ac160<\/span><\/td>\n<td><span style=\"font-family: helvetica, arial, sans-serif; font-size: 12px;\">jeudi<\/span><\/td>\n<td><span style=\"font-family: helvetica, arial, sans-serif; font-size: 12px;\">Salle communal de la Chenaille, Echnevex, France<\/span><\/td>\n<\/tr>\n<\/tbody>\n<\/table>\n<p>* information en attente<\/p>\n<p style=\"text-align: right;\"><a class=\"maxbutton-1 maxbutton maxbutton-inscription\" target=\"_blank\" rel=\"noopener\" href=\"\/?page_id=161\"><span class='mb-text'>Inscription<\/span><\/a> <a class=\"maxbutton-2 maxbutton maxbutton-archive\" target=\"_blank\" rel=\"noopener\" href=\"\/?page_id=161\"><span class='mb-text'>Archive<\/span><\/a><\/p>\n","protected":false},"excerpt":{"rendered":"<p>Lieu Date T\u00e9l Courriel Prix Jour Infos VD 10 jan &#8211; 28 f\u00e9v 079 44424 01 mail 350.- mercredi Restaurant le Quai de l&#8217;Ours \u00e0 Orsi\u00e8res NE 26 jan &#8211; 23 mars 079 240 62 48 mail 320.- vendredi H\u00f4tel &hellip; <a href=\"https:\/\/ellelui.ch\/?page_id=547\">Continue reading <span class=\"meta-nav\">&rarr;<\/span><\/a><\/p>\n","protected":false},"author":2,"featured_media":0,"parent":161,"menu_order":2,"comment_status":"closed","ping_status":"closed","template":"onecolumn-page.php","meta":[],"_links":{"self":[{"href":"https:\/\/ellelui.ch\/index.php?rest_route=\/wp\/v2\/pages\/547"}],"collection":[{"href":"https:\/\/ellelui.ch\/index.php?rest_route=\/wp\/v2\/pages"}],"about":[{"href":"https:\/\/ellelui.ch\/index.php?rest_route=\/wp\/v2\/types\/page"}],"author":[{"embeddable":true,"href":"https:\/\/ellelui.ch\/index.php?rest_route=\/wp\/v2\/users\/2"}],"replies":[{"embeddable":true,"href":"https:\/\/ellelui.ch\/index.php?rest_route=%2Fwp%2Fv2%2Fcomments&post=547"}],"version-history":[{"count":12,"href":"https:\/\/ellelui.ch\/index.php?rest_route=\/wp\/v2\/pages\/547\/revisions"}],"predecessor-version":[{"id":665,"href":"https:\/\/ellelui.ch\/index.php?rest_route=\/wp\/v2\/pages\/547\/revisions\/665"}],"up":[{"embeddable":true,"href":"https:\/\/ellelui.ch\/index.php?rest_route=\/wp\/v2\/pages\/161"}],"wp:attachment":[{"href":"https:\/\/ellelui.ch\/index.php?rest_route=%2Fwp%2Fv2%2Fmedia&parent=547"}],"curies":[{"name":"wp","href":"https:\/\/api.w.org\/{rel}","templated":true}]}}