{"id":25,"date":"2012-04-10T16:06:07","date_gmt":"2012-04-10T16:06:07","guid":{"rendered":"http:\/\/localhost\/ellelui\/?page_id=25"},"modified":"2021-05-06T10:32:50","modified_gmt":"2021-05-06T10:32:50","slug":"responsables","status":"publish","type":"page","link":"https:\/\/ellelui.ch\/?page_id=25","title":{"rendered":"Responsables E&#038;L"},"content":{"rendered":"<table dir=\"ltr\" frame=\"void\" rules=\"none\">\n<tbody>\n<tr style=\"height: 157px;\">\n<td style=\"height: 157px;\"><span style=\"font-family: Arial; font-size: small;\">Le livre <em>Elle&amp;Lui<\/em><\/span><\/td>\n<td style=\"height: 157px;\"><span style=\"font-family: Arial; font-size: small;\">plus disponible<br \/>\n<\/span><\/td>\n<td style=\"height: 157px;\"><span style=\"font-family: Arial; font-size: small;\"><span style=\"color: #ccffff;\">Un livre facile \u00e0 lire, rempli de conseils pratiques pour pr\u00e9parer, construire ou m\u00eame racommoder les mariages. Il constitue un excellent compl\u00e9ment aux enseignements donn\u00e9s lors des soir\u00e9es <em>Elle&amp;Lui<\/em>. Indispensable pour tous les couples de r\u00e9f\u00e9rence dans <em>Elle&amp;Lui<\/em>; conseill\u00e9 aux participants de ce cours<\/span>.<\/span><\/td>\n<\/tr>\n<tr style=\"height: 133px;\">\n<td style=\"height: 133px;\"><span style=\"font-family: Arial; font-size: small;\">DVD de pr\u00e9sentation<\/span><\/td>\n<td style=\"height: 133px;\"><span style=\"font-family: Arial; font-size: small;\">CHF 5.-<\/span><\/td>\n<td style=\"height: 133px;\"><span style=\"font-family: Arial; font-size: small;\">Ce DVD contient deux petits films de pr\u00e9sentation des soir\u00e9s. Une version courte (8min) pour les futurs participants et une version longue (10 min) pour les responsables. Utile pour faire conna\u00eetre le cours ou pour en faire la promotion<\/span><\/td>\n<\/tr>\n<tr style=\"height: 133px;\">\n<td style=\"height: 133px;\"><span style=\"font-family: Arial; font-size: small;\">Manuel du responsable<\/span><\/td>\n<td style=\"height: 133px;\"><span style=\"font-family: Arial; font-size: small;\">offert PDF<br \/>\n<\/span><\/td>\n<td style=\"height: 133px;\"><span style=\"font-family: Arial; font-size: small;\">Les principes, les aspects pratiques et un plan de chacune des sept soir\u00e9es. Il vous guidera dans la mise en place de cet outil qui aide les couples \u00e0 b\u00e2tir de meilleures relations conjugales. PDF <a href=\"http:\/\/ellelui.ch\/wp-content\/uploads\/2012\/04\/ManResposnable-02EL.pdf\">Download Man.Resp.<\/a><br \/>\n<\/span><\/td>\n<\/tr>\n<tr style=\"height: 85px;\">\n<td style=\"height: 85px;\"><span style=\"font-family: Arial; font-size: small;\">Manuel du participant<\/span><\/td>\n<td style=\"height: 85px;\"><span style=\"font-family: Arial; font-size: small;\">CHF 5.-<\/span><\/td>\n<td style=\"height: 85px;\"><span style=\"font-family: Arial; font-size: small;\">Ce manuel contient le r\u00e9sum\u00e9 des enseignements de chaque soir\u00e9e, ainsi que les nombreux exercices propos\u00e9s durant le cours.<\/span><\/td>\n<\/tr>\n<tr style=\"height: 109px;\">\n<td style=\"height: 109px;\"><span style=\"font-family: Arial; font-size: small;\">CD\u00a0(audio\u00a0MP3) de formation pour\u00a0responsables<\/span><\/td>\n<td style=\"height: 109px;\"><span style=\"font-family: Arial; font-size: small;\">CHF 15.-<\/span><\/td>\n<td style=\"height: 109px;\"><span style=\"font-family: Arial; font-size: small;\">La conf\u00e9rence de formation avec Nicky et Sila Lee du 06.11.2004 . Cinq\u00a0heures d&#8217;instruction, une s\u00e9ance mod\u00e8le, et des questions et r\u00e9ponses concernant le cours.<\/span><\/td>\n<\/tr>\n<tr style=\"height: 157px;\">\n<td style=\"height: 157px;\"><span style=\"font-family: Arial; font-size: small;\">CD de l&#8217;orateur + <\/span><\/p>\n<p><span style=\"font-family: Arial; font-size: small;\">CD\u00a0(audio\u00a0MP3) de formation pour\u00a0responsables<\/span><\/td>\n<td style=\"height: 157px;\"><span style=\"font-size: small;\">CHF 45.-<\/span><\/td>\n<td style=\"height: 157px;\"><span style=\"font-family: Arial; font-size: small;\">Un fichier evec les scripts des sept enseignements du cours plus la conf\u00e9rence de formation avec Nicky et Sila Lee du 06.11.2004 .<\/span><\/td>\n<\/tr>\n<tr style=\"height: 109px;\">\n<td style=\"height: 109px;\"><\/td>\n<td style=\"height: 109px;\"><\/td>\n<td style=\"height: 109px;\"><\/td>\n<\/tr>\n<tr style=\"height: 85px;\">\n<td style=\"height: 85px;\"><\/td>\n<td style=\"height: 85px;\"><\/td>\n<td style=\"height: 85px;\"><\/td>\n<\/tr>\n<tr style=\"height: 85px;\">\n<td style=\"height: 85px;\"><span style=\"font-size: small;\">Les 7 enseignements pour les soir\u00e9es <em>Elle&amp;Lui, <\/em>mp4<br \/>\n<\/span><\/td>\n<td style=\"height: 85px;\"><span style=\"font-size: small;\">CHF 50.-<br \/>\n<\/span><\/td>\n<td style=\"height: 85px;\"><span style=\"font-size: small;\">Indispensable pour ceux qui commencent un cours; la totalit\u00e9 des enseignements sur mp4 (cl\u00e9 USB) pour les sept soir\u00e9es avec Nicky et Sila LEE. Version 2010.<\/span><\/td>\n<\/tr>\n<tr style=\"height: 85px;\">\n<td style=\"height: 85px;\"><span style=\"font-family: Arial; font-size: small;\">Feuille de d\u00e9roulement des vid\u00e9os avec l&#8217;horaire pr\u00e9cis<\/span><\/td>\n<td style=\"height: 85px;\"><span style=\"font-size: small;\">offert<\/span><\/td>\n<td style=\"height: 85px;\"><span style=\"font-size: small;\"><a href=\"http:\/\/www.ellelui.ch\/download\/horaireDVD.pdf\">download<\/a><\/span><\/td>\n<\/tr>\n<tr style=\"height: 61px;\">\n<td style=\"height: 61px;\"><span style=\"font-size: small;\">Evaluation pour participants<\/span><\/td>\n<td style=\"height: 61px;\"><span style=\"font-size: small;\">offert<\/span><\/td>\n<td style=\"height: 61px;\"><span style=\"font-size: small;\"><a href=\"http:\/\/www.ellelui.ch\/download\/questionnaire_fin.pdf\">version pdf<\/a><\/span><\/td>\n<\/tr>\n<tr style=\"height: 61px;\">\n<td style=\"height: 61px;\"><span style=\"font-size: small;\">CD audios des s\u00e9ances (7)<\/span><\/td>\n<td style=\"height: 61px;\"><span style=\"font-size: small;\">CHF 25.-<\/span><\/td>\n<td style=\"height: 61px;\"><span style=\"font-size: small;\">Pour les couples qui manquent une soir\u00e9e.<\/span><\/td>\n<\/tr>\n<tr style=\"height: 50px;\">\n<td style=\"height: 50px;\"><span style=\"font-size: 12px;\">Transcriptions<\/span><\/td>\n<td style=\"height: 50px;\"><\/td>\n<td style=\"height: 50px;\"><a href=\"http:\/\/ellelui.ch\/wp-content\/uploads\/2021\/04\/EL-sessions-1-7.zip\">E&amp;L sessions 1-7<\/a><\/td>\n<\/tr>\n<\/tbody>\n<\/table>\n<p>&nbsp;<\/p>\n","protected":false},"excerpt":{"rendered":"<p>Le livre Elle&amp;Lui plus disponible Un livre facile \u00e0 lire, rempli de conseils pratiques pour pr\u00e9parer, construire ou m\u00eame racommoder les mariages. Il constitue un excellent compl\u00e9ment aux enseignements donn\u00e9s lors des soir\u00e9es Elle&amp;Lui. Indispensable pour tous les couples de &hellip; <a href=\"https:\/\/ellelui.ch\/?page_id=25\">Continue reading <span class=\"meta-nav\">&rarr;<\/span><\/a><\/p>\n","protected":false},"author":2,"featured_media":0,"parent":23,"menu_order":2,"comment_status":"closed","ping_status":"closed","template":"","meta":[],"_links":{"self":[{"href":"https:\/\/ellelui.ch\/index.php?rest_route=\/wp\/v2\/pages\/25"}],"collection":[{"href":"https:\/\/ellelui.ch\/index.php?rest_route=\/wp\/v2\/pages"}],"about":[{"href":"https:\/\/ellelui.ch\/index.php?rest_route=\/wp\/v2\/types\/page"}],"author":[{"embeddable":true,"href":"https:\/\/ellelui.ch\/index.php?rest_route=\/wp\/v2\/users\/2"}],"replies":[{"embeddable":true,"href":"https:\/\/ellelui.ch\/index.php?rest_route=%2Fwp%2Fv2%2Fcomments&post=25"}],"version-history":[{"count":5,"href":"https:\/\/ellelui.ch\/index.php?rest_route=\/wp\/v2\/pages\/25\/revisions"}],"predecessor-version":[{"id":726,"href":"https:\/\/ellelui.ch\/index.php?rest_route=\/wp\/v2\/pages\/25\/revisions\/726"}],"up":[{"embeddable":true,"href":"https:\/\/ellelui.ch\/index.php?rest_route=\/wp\/v2\/pages\/23"}],"wp:attachment":[{"href":"https:\/\/ellelui.ch\/index.php?rest_route=%2Fwp%2Fv2%2Fmedia&parent=25"}],"curies":[{"name":"wp","href":"https:\/\/api.w.org\/{rel}","templated":true}]}}