{"id":189,"date":"2012-11-07T08:18:21","date_gmt":"2012-11-07T08:18:21","guid":{"rendered":"http:\/\/www.ellelui.ch\/?page_id=189"},"modified":"2019-12-07T16:40:17","modified_gmt":"2019-12-07T16:40:17","slug":"soirees-2013","status":"publish","type":"page","link":"https:\/\/ellelui.ch\/?page_id=189","title":{"rendered":"Soir\u00e9es 2013"},"content":{"rendered":"<table style=\"width: 743.233px; height: 440px;\" border=\"0\" align=\"left\">\n<thead>\n<tr valign=\"middle\">\n<td style=\"width: 88px;\"><span style=\"color: #000080; font-size: 12px; font-family: helvetica, arial, sans-serif;\">Lieu<\/span><\/td>\n<td style=\"width: 173px;\"><span style=\"color: #000080; font-family: helvetica, arial, sans-serif; font-size: 12px;\">Date<br \/>\n<\/span><\/td>\n<td style=\"width: 62px;\"><span style=\"color: #000080; font-family: helvetica, arial, sans-serif; font-size: 12px;\">T\u00e9l<\/span><\/td>\n<td style=\"width: 48px;\"><span style=\"color: #000080; font-family: helvetica, arial, sans-serif; font-size: 12px;\">Courriel<\/span><\/td>\n<td style=\"width: 283px;\"><span style=\"font-family: helvetica, arial, sans-serif; font-size: 12px;\"><span style=\"color: #000080;\">Prix <\/span>par couple<\/span><\/td>\n<td style=\"width: 110px;\"><span style=\"color: #000080; font-family: helvetica, arial, sans-serif; font-size: 12px;\">Jour<\/span><\/td>\n<td style=\"width: 10px;\"><span style=\"color: #000080; font-family: helvetica, arial, sans-serif; font-size: 12px;\">Infos<\/span><\/td>\n<\/tr>\n<\/thead>\n<tbody>\n<tr>\n<td style=\"width: 88px;\"><span style=\"font-size: 12px; font-family: helvetica, arial, sans-serif;\"><a href=\"files\/Ech-1-2013.pdf\">Echallens (VD)<\/a><\/span><\/td>\n<td style=\"width: 173px;\"><span style=\"font-size: 12px; font-family: helvetica, arial, sans-serif;\">23 jan &#8211; 27 mars<\/span><\/td>\n<td style=\"width: 62px;\"><span style=\"font-size: 12px; font-family: helvetica, arial, sans-serif;\">021 883 02 01<\/span><\/td>\n<td style=\"width: 48px;\"><span style=\"font-size: 12px; font-family: helvetica, arial, sans-serif;\"><a href=\"mailto:ellelui@bornick.com\">mail<\/a><\/span><\/td>\n<td style=\"width: 283px;\"><span style=\"font-size: 12px; font-family: helvetica, arial, sans-serif;\">400.-<\/span><\/td>\n<td style=\"width: 110px;\"><span style=\"font-size: 12px; font-family: helvetica, arial, sans-serif;\">mercredi<\/span><\/td>\n<td style=\"width: 10px;\"><span style=\"font-size: 12px; font-family: helvetica, arial, sans-serif;\"><a href=\"http:\/\/maps.google.com\/maps?f=q&amp;hl=en&amp;q=&amp;layer=c&amp;cbll=40.758437,-73.985164&amp;cbp=11,42.04,,0,-6.66&amp;ie=UTF8&amp;om=1&amp;panoid=s_TY766yv4kWDddHKN8OVQ&amp;t=h&amp;ll=40.75844,-73.985195&amp;spn=0.042649,0.174923&amp;z=13&amp;utm_campaign=en&amp;utm_medium=ha&amp;utm_source=en-ha-na-us-bk-svn&amp;utm_term={keyword}\">Complet <\/a> <\/span><\/td>\n<\/tr>\n<tr>\n<td style=\"width: 88px;\"><span style=\"font-family: helvetica, arial, sans-serif; font-size: 12px;\"> St-Martin (FR)<\/span><\/td>\n<td style=\"width: 173px;\"><span style=\"font-family: helvetica, arial, sans-serif; font-size: 12px;\">4 f\u00e9v &#8211; 25 mars<\/span><\/td>\n<td style=\"width: 62px;\"><span style=\"font-size: 12px; font-family: helvetica, arial, sans-serif;\">021 944 29 47<\/span><\/td>\n<td style=\"width: 48px;\"><span style=\"font-family: helvetica, arial, sans-serif; font-size: 12px;\"><a href=\"mailto:cedric_laurence@bluewin.ch\">mail<\/a><\/span><\/td>\n<td style=\"width: 283px;\"><span style=\"font-family: helvetica, arial, sans-serif; font-size: 12px;\">370.-<\/span><\/td>\n<td style=\"width: 110px;\"><span style=\"font-family: helvetica, arial, sans-serif; font-size: 12px;\">lundi<\/span><\/td>\n<td style=\"width: 10px;\"><span style=\"font-family: helvetica, arial, sans-serif; font-size: 12px;\"><a href=\"http:\/\/maps.google.com\/maps?q=St-Martin,+Fribourg,+Suisse&amp;hl=en&amp;ll=46.576622,6.86859&amp;spn=0.005819,0.009323&amp;sll=40.75846,-73.985173&amp;sspn=0.106233,0.149174&amp;oq=st-martin,+fribourg,+suisse&amp;t=h&amp;hnear=Saint-Martin,+Canton+of+Fribourg,+Switzerland&amp;z=17&amp;layer=c&amp;cbll=46.576663,6.868693&amp;panoid=X7zUUuaLST3whH-LwAUuRg&amp;cbp=12,43.57,,0,-0.56\"> La Perrausa<\/a><\/span><\/td>\n<\/tr>\n<tr>\n<td style=\"width: 88px;\"><span style=\"font-size: 12px; font-family: helvetica, arial, sans-serif;\">[Siviriez (FR)|Ancien buffet de la Gare, Association APV, Route de Prez 15, 1678 Siviriez] <\/span><\/td>\n<td style=\"width: 173px;\"><span style=\"font-family: helvetica, arial, sans-serif; font-size: 12px;\">16 mars &#8211; 24 mai<\/span><\/td>\n<td style=\"width: 62px;\"><span style=\"font-size: 12px; font-family: helvetica, arial, sans-serif;\">079 719 13 31<\/span><\/td>\n<td style=\"width: 48px;\"><span style=\"font-family: helvetica, arial, sans-serif; font-size: 12px;\"><a href=\"mailto:esther.brocard@gmail.com\">mail<\/a><\/span><\/td>\n<td style=\"width: 283px;\"><span style=\"font-family: helvetica, arial, sans-serif; font-size: 12px;\">[Prix|Entre Fr. 25.- et 35.- par soir\u00e9e (en fonction du nbre d\u2019inscriptions)]<\/span><\/td>\n<td style=\"width: 110px;\"><span style=\"font-family: helvetica, arial, sans-serif; font-size: 12px;\">samedi<\/span><\/td>\n<td style=\"width: 10px;\"><span style=\"font-family: helvetica, arial, sans-serif; font-size: 12px;\"><a href=\"http:\/\/maps.google.com\/maps?q=Route+de+Prez+15,+1678+Siviriez,+suisse&amp;hl=en&amp;ll=46.655534,6.883299&amp;spn=0.002901,0.00567&amp;sll=40.758461,-73.985173&amp;sspn=0.012873,0.022681&amp;t=h&amp;hnear=Route+de+Prez+15,+1678+Siviriez,+Freiburg,+Switzerland&amp;z=18\">Siviriez <\/a><\/span><\/td>\n<\/tr>\n<tr>\n<td style=\"width: 88px;\"><span style=\"font-family: helvetica, arial, sans-serif; font-size: 12px;\">Echenevex (France-Gex)<\/span><\/td>\n<td style=\"width: 173px;\"><span style=\"font-family: helvetica, arial, sans-serif; font-size: 12px;\">21 mars &#8211; 30 mai<\/span><\/td>\n<td style=\"width: 62px;\"><span style=\"font-size: 12px; font-family: helvetica, arial, sans-serif;\">00334 50423011<\/span><\/td>\n<td style=\"width: 48px;\"><span style=\"font-family: helvetica, arial, sans-serif; font-size: 12px;\"><a href=\"mailto:cessy.elleetlui@gmail.com\">mail<\/a><\/span><\/td>\n<td style=\"width: 283px;\"><span style=\"font-family: helvetica, arial, sans-serif; font-size: 12px;\">\u20ac150.-<\/span><\/td>\n<td style=\"width: 110px;\"><span style=\"font-family: helvetica, arial, sans-serif; font-size: 12px;\">jeudi<\/span><\/td>\n<td style=\"width: 10px;\"><span style=\"font-family: helvetica, arial, sans-serif; font-size: 12px;\"><a href=\"http:\/\/www.20h59.com\/lieu\/salle-de-la-chenaille-echenevex,54973\">Echenevex (F)<\/a><\/span><\/td>\n<\/tr>\n<tr>\n<td style=\"width: 88px;\"><span style=\"font-family: helvetica, arial, sans-serif; font-size: 12px;\">Monthey (VD)<\/span><\/td>\n<td style=\"width: 173px;\"><span style=\"font-family: helvetica, arial, sans-serif; font-size: 12px;\">16 avril &#8211; 11 juin<\/span><\/td>\n<td style=\"width: 62px;\"><span style=\"font-size: 12px; font-family: helvetica, arial, sans-serif;\">024 476.95.80<br \/>\n<\/span><\/td>\n<td style=\"width: 48px;\"><span style=\"font-family: helvetica, arial, sans-serif; font-size: 12px;\"><a href=\"mailto:ma_ausser@hotmail.com\">mail<\/a><\/span><\/td>\n<td style=\"width: 283px;\"><span style=\"font-family: helvetica, arial, sans-serif; font-size: 12px;\">450.-<\/span><\/td>\n<td style=\"width: 110px;\"><span style=\"font-family: helvetica, arial, sans-serif; font-size: 12px;\">mardi<\/span><\/td>\n<td style=\"width: 10px;\"><span style=\"font-family: helvetica, arial, sans-serif; font-size: 12px;\"><a href=\"http:\/\/www.hoteldescheminots.com\/index.html\" target=\"_blank\" rel=\"noopener noreferrer\">H\u00f4tel des Cheminots<\/a><\/span><\/td>\n<\/tr>\n<tr>\n<td style=\"width: 88px;\"><span style=\"font-family: helvetica, arial, sans-serif; font-size: 12px;\">Fleurier (NE)<\/span><\/td>\n<td style=\"width: 173px;\"><span style=\"font-family: helvetica, arial, sans-serif; font-size: 12px;\">27 ao\u00fbt &#8211; 19 nov<\/span><\/td>\n<td style=\"width: 62px;\"><span style=\"font-size: 12px; font-family: helvetica, arial, sans-serif;\">079 342 87 49<\/span><\/td>\n<td style=\"width: 48px;\"><span style=\"font-family: helvetica, arial, sans-serif; font-size: 12px;\"><a href=\"mailto:valery.gonin@gmail.com\">mail<\/a><\/span><\/td>\n<td style=\"width: 283px;\"><span style=\"font-family: helvetica, arial, sans-serif; font-size: 12px;\">330.-<\/span><\/td>\n<td style=\"width: 110px;\"><span style=\"font-family: helvetica, arial, sans-serif; font-size: 12px;\">mardi<\/span><\/td>\n<td style=\"width: 10px;\"><span style=\"font-family: helvetica, arial, sans-serif; font-size: 12px;\">Salle polyvalente, <a href=\"http:\/\/www.itaste.com\/list\/restaurant\/fr\/fleurier\/pizzafun.html\" target=\"_blank\" rel=\"noopener noreferrer\">Pizza Fun<\/a><\/span><\/td>\n<\/tr>\n<tr>\n<td style=\"width: 88px;\"><span style=\"font-family: helvetica, arial, sans-serif; font-size: 12px;\">Lausanne<\/span><\/td>\n<td style=\"width: 173px;\"><span style=\"font-family: helvetica, arial, sans-serif; font-size: 12px;\">29 ao\u00fbt &#8211; 1 nov<\/span><\/td>\n<td style=\"width: 62px;\"><span style=\"font-family: helvetica, arial, sans-serif; font-size: 12px;\">021 828.38.08<\/span><\/td>\n<td style=\"width: 48px;\"><span style=\"font-family: helvetica, arial, sans-serif; font-size: 12px;\"><a href=\"mailto:cuendet@sefanet.ch\">mail<br \/>\n<\/a><\/span><\/td>\n<td style=\"width: 283px;\"><span style=\"font-family: helvetica, arial, sans-serif; font-size: 12px;\">350.-<\/span><\/td>\n<td style=\"width: 110px;\"><span style=\"font-family: helvetica, arial, sans-serif; font-size: 12px;\">vendredi<\/span><\/td>\n<td style=\"width: 10px;\"><span style=\"font-size: 12px; font-family: helvetica, arial, sans-serif;\">[Lausanne|Rue des Trois-Rois 5 bis, 1004 Lausanne]<\/span><\/td>\n<\/tr>\n<tr>\n<td style=\"width: 88px;\"><\/td>\n<td style=\"width: 173px;\"><\/td>\n<td style=\"width: 62px;\"><span style=\"font-size: 12px; font-family: helvetica, arial, sans-serif;\"> <\/span><\/td>\n<td style=\"width: 48px;\"><\/td>\n<td style=\"width: 283px;\"><\/td>\n<td style=\"width: 110px;\"><\/td>\n<td style=\"width: 10px;\"><span style=\"font-family: helvetica, arial, sans-serif; font-size: 12px;\"><strong> <\/strong><\/span><\/td>\n<\/tr>\n<tr>\n<td style=\"width: 88px;\"><span style=\"font-family: helvetica, arial, sans-serif; font-size: 12px;\">Ambilly (France)<\/span><\/td>\n<td style=\"width: 173px;\"><span style=\"font-family: helvetica, arial, sans-serif; font-size: 12px;\">1 oct &#8211; 7 jan<\/span><\/td>\n<td style=\"width: 62px;\"><span style=\"font-size: 12px; font-family: helvetica, arial, sans-serif;\">+33 4 5023 4411<\/span><\/td>\n<td style=\"width: 48px;\"><span style=\"font-family: helvetica, arial, sans-serif; font-size: 12px;\"><a href=\"mailto:buis@eelg.ch\">\u00a0<\/a><\/span><\/td>\n<td style=\"width: 283px;\"><span style=\"font-family: helvetica, arial, sans-serif; font-size: 12px;\">\u20ac239.-<\/span><\/td>\n<td style=\"width: 110px;\"><span style=\"font-family: helvetica, arial, sans-serif; font-size: 12px;\">mardi<\/span><\/td>\n<td style=\"width: 10px;\"><span style=\"font-family: helvetica, arial, sans-serif; font-size: 12px;\">[salle paroissiale d&#8217;Ambilly|Rue Babuty]<strong> <\/strong><\/span><\/td>\n<\/tr>\n<tr>\n<td style=\"width: 88px;\"><span style=\"font-family: helvetica, arial, sans-serif; font-size: 12px;\">Vuisternens-en-Ogoz (FR)<\/span><\/td>\n<td style=\"width: 173px;\"><span style=\"font-family: helvetica, arial, sans-serif; font-size: 12px;\">5 oct &#8211; 30 nov<\/span><\/td>\n<td style=\"width: 62px;\"><span style=\"font-size: 12px; font-family: helvetica, arial, sans-serif;\">079 719 13 31<\/span><\/td>\n<td style=\"width: 48px;\"><span style=\"font-family: helvetica, arial, sans-serif; font-size: 12px;\"><a href=\"mailto:serge.esther.brocard@bluewin.ch\">mail<\/a><\/span><\/td>\n<td style=\"width: 283px;\"><span style=\"font-family: helvetica, arial, sans-serif; font-size: 12px;\">497.-<\/span><\/td>\n<td style=\"width: 110px;\"><span style=\"font-family: helvetica, arial, sans-serif; font-size: 12px;\">samedi<\/span><\/td>\n<td style=\"width: 10px;\"><span style=\"font-family: helvetica, arial, sans-serif; font-size: 12px;\">Hostellerie des Chevaliers d\u2019Ogoz<a href=\"http:\/\/maps.google.com\/maps?q=Route+de+Vuisternens+28,+1726+Farvagny,+Fribourg,+Switzerland&amp;hl=en&amp;ll=46.71785,7.062514&amp;spn=0.005796,0.01134&amp;sll=46.655534,6.883299&amp;sspn=0.002901,0.00567&amp;t=h&amp;geocode=FZnbyAId8sNrAA&amp;hnear=Route+de+Vuisternens+28,+1726+Farvagny,+Fribourg,+Switzerland&amp;z=17\"> <\/a>Vuisternens-en-Ogoz [D\u00e9gustation|<strong>Nous aurons une soir\u00e9e d\u00e9gustation Vin\/chocolat, une soir\u00e9e caricatures et soir\u00e9e d\u00e9gustation cuisine Bio.]<\/strong><\/span><\/td>\n<\/tr>\n<tr>\n<td style=\"width: 88px;\"><span style=\"font-family: helvetica, arial, sans-serif; font-size: 12px;\">Portes ouvertes de [pr\u00e9sentation|avec ap\u00e9ritif dinatoire]<\/span><\/td>\n<td style=\"width: 173px;\"><span style=\"font-family: helvetica, arial, sans-serif; font-size: 12px;\">17 oct<\/span><\/td>\n<td style=\"width: 62px;\"><span style=\"font-size: 12px; font-family: helvetica, arial, sans-serif;\">+33 45042 3141<\/span><\/td>\n<td style=\"width: 48px;\"><span style=\"font-family: helvetica, arial, sans-serif; font-size: 12px;\"><a href=\"mailto:cessy.elleetlui@gmail.com\">mail<br \/>\n<\/a><\/span><\/td>\n<td style=\"width: 283px;\"><span style=\"font-family: helvetica, arial, sans-serif; font-size: 12px;\">offert<\/span><\/td>\n<td style=\"width: 110px;\"><span style=\"font-family: helvetica, arial, sans-serif; font-size: 12px;\">jeudi 19h30<\/span><\/td>\n<td style=\"width: 10px;\"><span style=\"font-family: helvetica, arial, sans-serif; font-size: 12px;\"> [F 01170 Echenevex|<strong> <\/strong>salle comunale de la Chenaille, route de la Chenaille (pr\u00e8s de Gex) ]<\/span><\/td>\n<\/tr>\n<tr>\n<td style=\"width: 88px;\"><span style=\"font-family: helvetica, arial, sans-serif; font-size: 12px;\">Echenevex (France)<\/span><\/td>\n<td style=\"width: 173px;\"><span style=\"font-family: helvetica, arial, sans-serif; font-size: 12px;\">7 nov &#8211; 7 jav<\/span><\/td>\n<td style=\"width: 62px;\"><span style=\"font-family: helvetica, arial, sans-serif; font-size: 12px;\">[+33\u00a0450 423141|Magali ou Claude-Henri Sicard t\u00e9l 00 33 4 50 42 31 41, ou Marie-Claire et Georges Ohana t\u00e9l 00 33 6 89 85 23 96]<\/span><\/td>\n<td style=\"width: 48px;\"><span style=\"font-family: helvetica, arial, sans-serif; font-size: 12px;\"><a href=\"mailto:cessy.elleetlui@gmail.com\">mail<\/a><\/span><\/td>\n<td style=\"width: 283px;\"><span style=\"font-family: helvetica, arial, sans-serif; font-size: 12px;\">\u20ac150.-<\/span><\/td>\n<td style=\"width: 110px;\"><span style=\"font-family: helvetica, arial, sans-serif; font-size: 12px;\">jeudi<\/span><\/td>\n<td style=\"width: 10px;\"><span style=\"font-family: helvetica, arial, sans-serif; font-size: 12px;\">[F 01170 Echenevex|<strong> <\/strong>salle comunale de la Chenaille, route de la Chenaille (pr\u00e8s de Gex) ]<\/span><\/td>\n<\/tr>\n<\/tbody>\n<\/table>\n<p>&nbsp;<\/p>\n<p>&nbsp;<\/p>\n<p>&nbsp;<\/p>\n<p>&nbsp;<\/p>\n<p>&nbsp;<\/p>\n<p>&nbsp;<\/p>\n<p>&nbsp;<\/p>\n<p>&nbsp;<\/p>\n<p>&nbsp;<\/p>\n<p>&nbsp;<\/p>\n<p>&nbsp;<\/p>\n<p>&nbsp;<\/p>\n<p style=\"text-align: left;\"><span style=\"font-family: helvetica, arial, sans-serif; font-size: 12px;\"><strong> <\/strong><\/span><\/p>\n","protected":false},"excerpt":{"rendered":"<p>Lieu Date T\u00e9l Courriel Prix par couple Jour Infos Echallens (VD) 23 jan &#8211; 27 mars 021 883 02 01 mail 400.- mercredi Complet St-Martin (FR) 4 f\u00e9v &#8211; 25 mars 021 944 29 47 mail 370.- lundi La Perrausa &hellip; <a href=\"https:\/\/ellelui.ch\/?page_id=189\">Continue reading <span class=\"meta-nav\">&rarr;<\/span><\/a><\/p>\n","protected":false},"author":2,"featured_media":0,"parent":161,"menu_order":7,"comment_status":"closed","ping_status":"closed","template":"onecolumn-page.php","meta":[],"_links":{"self":[{"href":"https:\/\/ellelui.ch\/index.php?rest_route=\/wp\/v2\/pages\/189"}],"collection":[{"href":"https:\/\/ellelui.ch\/index.php?rest_route=\/wp\/v2\/pages"}],"about":[{"href":"https:\/\/ellelui.ch\/index.php?rest_route=\/wp\/v2\/types\/page"}],"author":[{"embeddable":true,"href":"https:\/\/ellelui.ch\/index.php?rest_route=\/wp\/v2\/users\/2"}],"replies":[{"embeddable":true,"href":"https:\/\/ellelui.ch\/index.php?rest_route=%2Fwp%2Fv2%2Fcomments&post=189"}],"version-history":[{"count":4,"href":"https:\/\/ellelui.ch\/index.php?rest_route=\/wp\/v2\/pages\/189\/revisions"}],"predecessor-version":[{"id":681,"href":"https:\/\/ellelui.ch\/index.php?rest_route=\/wp\/v2\/pages\/189\/revisions\/681"}],"up":[{"embeddable":true,"href":"https:\/\/ellelui.ch\/index.php?rest_route=\/wp\/v2\/pages\/161"}],"wp:attachment":[{"href":"https:\/\/ellelui.ch\/index.php?rest_route=%2Fwp%2Fv2%2Fmedia&parent=189"}],"curies":[{"name":"wp","href":"https:\/\/api.w.org\/{rel}","templated":true}]}}