{"id":698,"date":"2019-12-23T08:35:38","date_gmt":"2019-12-23T08:35:38","guid":{"rendered":"http:\/\/ellelui.ch\/?page_id=698"},"modified":"2020-10-08T10:13:40","modified_gmt":"2020-10-08T10:13:40","slug":"soirees-2020","status":"publish","type":"page","link":"http:\/\/ellelui.ch\/?page_id=698","title":{"rendered":"Soir\u00e9es 2020\/21"},"content":{"rendered":"<table style=\"width: 754px; height: 406px;\" class=\" alignleft\" border=\"0\" align=\"left\">\n<tbody>\n<tr style=\"height: 61px;\">\n<td style=\"height: 61px; width: 61px;\"><strong><span style=\"color: #000080; font-size: 12px; font-family: helvetica, arial, sans-serif;\">Lieu<\/span><\/strong><\/td>\n<td style=\"height: 61px; width: 161px;\"><strong><span style=\"color: #000080; font-family: helvetica, arial, sans-serif; font-size: 12px;\">Date<\/span><\/strong><\/td>\n<td style=\"height: 61px; width: 183.617px;\"><strong><span style=\"color: #000080; font-family: helvetica, arial, sans-serif; font-size: 12px;\">T\u00e9l<\/span><\/strong><\/td>\n<td style=\"height: 61px; width: 10px;\"><strong><span style=\"color: #000080; font-family: helvetica, arial, sans-serif; font-size: 12px;\">Courriel<\/span><\/strong><\/td>\n<td style=\"height: 61px; width: 76px;\"><strong><span style=\"color: #000080; font-family: helvetica, arial, sans-serif; font-size: 12px;\">Prix <\/span><\/strong><span style=\"color: #000080; font-family: helvetica, arial, sans-serif; font-size: 12px;\">(par couple)<\/span><strong><span style=\"color: #000080; font-family: helvetica, arial, sans-serif; font-size: 12px;\"><br \/>\n<\/span><\/strong><\/td>\n<td style=\"height: 61px; width: 74px;\"><strong><span style=\"color: #000080; font-family: helvetica, arial, sans-serif; font-size: 12px;\">Jour<\/span><\/strong><\/td>\n<td style=\"height: 61px; width: 222px;\"><strong><span style=\"color: #000080; font-family: helvetica, arial, sans-serif; font-size: 12px;\">Infos<\/span><\/strong><\/td>\n<\/tr>\n<tr style=\"height: 56.5px;\">\n<td style=\"height: 56.5px; width: 61px;\"><span style=\"font-size: 12px; font-family: helvetica, arial, sans-serif;\">VD<br \/>\n<\/span>English only<\/td>\n<td style=\"height: 56.5px; width: 161px;\"><span style=\"font-size: 12px; font-family: helvetica, arial, sans-serif;\">nov 3 &#8211; d\u00e9c 15<br \/>\n<\/span><\/td>\n<td style=\"height: 56.5px; width: 183.617px;\"><span style=\"font-size: 12px; font-family: helvetica, arial, sans-serif;\">\u00a0<span class=\"fontstyle0\">079 612 57 67<\/span><br \/>\n<\/span><\/td>\n<td style=\"height: 56.5px; width: 10px;\"><span style=\"font-size: 12px; font-family: helvetica, arial, sans-serif;\"><a href=\"mailto:syafelury@gmail.com\">mail<\/a><\/span><\/td>\n<td style=\"height: 56.5px; width: 76px;\"><span style=\"font-size: 12px; font-family: helvetica, arial, sans-serif;\">\u00a0560.-<\/span><\/td>\n<td style=\"height: 56.5px; width: 74px;\"><span style=\"font-size: 12px; font-family: helvetica, arial, sans-serif;\">mardi<\/span><\/td>\n<td style=\"height: 56.5px; width: 222px;\"><span style=\"font-size: 12px; font-family: helvetica, arial, sans-serif;\"><a href=\"http:\/\/www.grandsbois.ch\">\u00a0<span class=\"fontstyle0\">Auberge des Grands-Bois, Buchillon<\/span> <\/a><br \/>\n<\/span><a href=\"http:\/\/ellelui.ch\/wp-content\/uploads\/2020\/10\/EL-Buchillon-2020.pdf\">flyer<\/a><\/td>\n<\/tr>\n<tr style=\"height: 56.5px;\">\n<td style=\"height: 56.5px; width: 61px;\"><span style=\"font-size: 12px; font-family: helvetica, arial, sans-serif;\">Uvrier VS<\/span><\/td>\n<td style=\"height: 56.5px; width: 161px;\">\n<div style=\"text-align: center;\">15-22-29 janvier, 5-26 f\u00e9vrier, 5-12 mars <strong>2021<\/strong><\/div>\n<\/td>\n<td style=\"height: 56.5px; width: 183.617px;\">\n<div>078 733 49 02<\/div>\n<p><span style=\"font-size: 12px; font-family: helvetica, arial, sans-serif;\"><\/span><\/td>\n<td style=\"height: 56.5px; width: 10px;\"><a href=\"mailto:mayoraz.foyer@bluewin.ch\">mail<\/a><span style=\"font-size: 12px; font-family: helvetica, arial, sans-serif;\"><\/span><\/td>\n<td style=\"height: 56.5px; width: 76px;\">\n<div style=\"text-align: center;\">350.-<\/div>\n<div style=\"text-align: center;\">par couple<\/div>\n<p><span style=\"font-size: 12px; font-family: helvetica, arial, sans-serif;\"><\/span><\/td>\n<td style=\"height: 56.5px; width: 74px;\">vendredi<span style=\"font-size: 12px; font-family: helvetica, arial, sans-serif;\"><\/span><\/td>\n<td style=\"height: 56.5px; width: 222px;\">\n<div>Restaurant\u00a0\u00ab\u00a0le Boomerang\u00a0\u00bb route des Joncs 109,<\/div>\n<div>1958 Uvrier<\/div>\n<div><a href=\"http:\/\/ellelui.ch\/wp-content\/uploads\/2020\/09\/ElleLui2020Valais.jpg\">T\u00e9l\u00e9charger le d\u00e9pliant<\/a><\/div>\n<p><span style=\"font-size: 12px; font-family: helvetica, arial, sans-serif;\"><\/span><\/td>\n<\/tr>\n<\/tbody>\n<\/table>\n<p>* information en attente<\/p>\n<p style=\"text-align: right;\"><a class=\"maxbutton-1 maxbutton maxbutton-inscription\" target=\"_blank\" rel=\"noopener\" href=\"\/?page_id=161\"><span class='mb-text'>Inscription<\/span><\/a>\u00a0 <a class=\"maxbutton-2 maxbutton maxbutton-archive\" target=\"_blank\" rel=\"noopener\" href=\"\/?page_id=161\"><span class='mb-text'>Archive<\/span><\/a><\/p>\n","protected":false},"excerpt":{"rendered":"<p>Lieu Date T\u00e9l Courriel Prix (par couple) Jour Infos VD English only nov 3 &#8211; d\u00e9c 15 \u00a0079 612 57 67 mail \u00a0560.- mardi \u00a0Auberge des Grands-Bois, Buchillon flyer Uvrier VS 15-22-29 janvier, 5-26 f\u00e9vrier, 5-12 mars 2021 078 733 &hellip; <a href=\"http:\/\/ellelui.ch\/?page_id=698\">Continue reading <span class=\"meta-nav\">&rarr;<\/span><\/a><\/p>\n","protected":false},"author":1,"featured_media":0,"parent":161,"menu_order":1,"comment_status":"closed","ping_status":"closed","template":"","meta":[],"_links":{"self":[{"href":"http:\/\/ellelui.ch\/index.php?rest_route=\/wp\/v2\/pages\/698"}],"collection":[{"href":"http:\/\/ellelui.ch\/index.php?rest_route=\/wp\/v2\/pages"}],"about":[{"href":"http:\/\/ellelui.ch\/index.php?rest_route=\/wp\/v2\/types\/page"}],"author":[{"embeddable":true,"href":"http:\/\/ellelui.ch\/index.php?rest_route=\/wp\/v2\/users\/1"}],"replies":[{"embeddable":true,"href":"http:\/\/ellelui.ch\/index.php?rest_route=%2Fwp%2Fv2%2Fcomments&post=698"}],"version-history":[{"count":9,"href":"http:\/\/ellelui.ch\/index.php?rest_route=\/wp\/v2\/pages\/698\/revisions"}],"predecessor-version":[{"id":716,"href":"http:\/\/ellelui.ch\/index.php?rest_route=\/wp\/v2\/pages\/698\/revisions\/716"}],"up":[{"embeddable":true,"href":"http:\/\/ellelui.ch\/index.php?rest_route=\/wp\/v2\/pages\/161"}],"wp:attachment":[{"href":"http:\/\/ellelui.ch\/index.php?rest_route=%2Fwp%2Fv2%2Fmedia&parent=698"}],"curies":[{"name":"wp","href":"https:\/\/api.w.org\/{rel}","templated":true}]}}