{"id":69,"date":"2012-04-12T13:20:27","date_gmt":"2012-04-12T13:20:27","guid":{"rendered":"http:\/\/localhost\/ellelui\/?page_id=69"},"modified":"2012-04-12T13:20:27","modified_gmt":"2012-04-12T13:20:27","slug":"a-qui-sadressent","status":"publish","type":"page","link":"http:\/\/ellelui.ch\/?page_id=69","title":{"rendered":"A qui s\u2019adressent"},"content":{"rendered":"<h2>A qui s\u2019adressent-t-elles?<\/h2>\n<p>A tout couple mari\u00e9 o\u00f9 les \u00e9poux                          veulent b\u00e2tir ensemble leur relation et s\u2019y investir.<\/p>\n<p>Que vous soyez mari\u00e9s depuis moins de deux                          ans ou plus de trente ans.<\/p>\n<p>Si votre couple va bien, le cours vous aidera \u00e0                          le rendre meilleur et \u00e0 renforcer vos bonnes                          habitudes.<\/p>\n<p>Si votre couple est en difficult\u00e9, le cours                          vous pr\u00e9sentera des moyens pratiques pour vous                          aider \u00e0 mettre en place ensemble des solutions.                          Certains couples s\u00e9par\u00e9s ont utilis\u00e9                          le cours pour essayer de se remettre ensemble.  L&#8217;essentiel \u00e9tant que tous deux choisissent ENSEMBLE d&#8217;y participer et de  s&#8217;y investir&#8230;<\/p>\n<p>Bien que le cours soit fond\u00e9 sur les valeurs chr\u00e9tiennes, tout couple, qu\u2019il soit dans l\u2019\u00e9glise                          ou qu\u2019il n\u2019ait aucun pass\u00e9 religieux, est le                          bienvenu. \u00a0De nombreux couples qui ne fr\u00e9quentaient                          pas l\u2019\u00e9glise, ont appr\u00e9ci\u00e9 le cours                          et en ont tir\u00e9 un grand profit.<\/p>\n","protected":false},"excerpt":{"rendered":"<p>A qui s\u2019adressent-t-elles? A tout couple mari\u00e9 o\u00f9 les \u00e9poux veulent b\u00e2tir ensemble leur relation et s\u2019y investir. Que vous soyez mari\u00e9s depuis moins de deux ans ou plus de trente ans. Si votre couple va bien, le cours vous &hellip; <a href=\"http:\/\/ellelui.ch\/?page_id=69\">Continue reading <span class=\"meta-nav\">&rarr;<\/span><\/a><\/p>\n","protected":false},"author":2,"featured_media":0,"parent":51,"menu_order":3,"comment_status":"closed","ping_status":"closed","template":"","meta":[],"_links":{"self":[{"href":"http:\/\/ellelui.ch\/index.php?rest_route=\/wp\/v2\/pages\/69"}],"collection":[{"href":"http:\/\/ellelui.ch\/index.php?rest_route=\/wp\/v2\/pages"}],"about":[{"href":"http:\/\/ellelui.ch\/index.php?rest_route=\/wp\/v2\/types\/page"}],"author":[{"embeddable":true,"href":"http:\/\/ellelui.ch\/index.php?rest_route=\/wp\/v2\/users\/2"}],"replies":[{"embeddable":true,"href":"http:\/\/ellelui.ch\/index.php?rest_route=%2Fwp%2Fv2%2Fcomments&post=69"}],"version-history":[{"count":0,"href":"http:\/\/ellelui.ch\/index.php?rest_route=\/wp\/v2\/pages\/69\/revisions"}],"up":[{"embeddable":true,"href":"http:\/\/ellelui.ch\/index.php?rest_route=\/wp\/v2\/pages\/51"}],"wp:attachment":[{"href":"http:\/\/ellelui.ch\/index.php?rest_route=%2Fwp%2Fv2%2Fmedia&parent=69"}],"curies":[{"name":"wp","href":"https:\/\/api.w.org\/{rel}","templated":true}]}}