{"id":337,"date":"2013-12-03T13:26:33","date_gmt":"2013-12-03T13:26:33","guid":{"rendered":"http:\/\/www.ellelui.ch\/?page_id=337"},"modified":"2019-12-07T16:34:04","modified_gmt":"2019-12-07T16:34:04","slug":"soirees-2014","status":"publish","type":"page","link":"http:\/\/ellelui.ch\/?page_id=337","title":{"rendered":"Soir\u00e9es 2014"},"content":{"rendered":"<table style=\"width: 754px; height: 406px;\" border=\"0\" align=\"left\">\n<thead>\n<tr valign=\"middle\">\n<td><span style=\"color: #000080; font-size: 12px; font-family: helvetica, arial, sans-serif;\">Lieu<\/span><\/td>\n<td><span style=\"color: #000080; font-family: helvetica, arial, sans-serif; font-size: 12px;\">Date<br \/>\n<\/span><\/td>\n<td><span style=\"color: #000080; font-family: helvetica, arial, sans-serif; font-size: 12px;\">T\u00e9l<\/span><\/td>\n<td><span style=\"color: #000080; font-family: helvetica, arial, sans-serif; font-size: 12px;\">Courriel<\/span><\/td>\n<td><span style=\"font-family: helvetica, arial, sans-serif; font-size: 12px;\"><span style=\"color: #000080;\">Prix <\/span>par couple<\/span><\/td>\n<td><span style=\"color: #000080; font-family: helvetica, arial, sans-serif; font-size: 12px;\">Jour<\/span><\/td>\n<td><span style=\"color: #000080; font-family: helvetica, arial, sans-serif; font-size: 12px;\">Infos<\/span><\/td>\n<\/tr>\n<\/thead>\n<tbody>\n<tr>\n<td><span style=\"font-family: helvetica, arial, sans-serif; font-size: 12px;\">Orsi\u00e8res (VS)<\/span><\/td>\n<td><span style=\"font-family: helvetica, arial, sans-serif; font-size: 12px;\">4 f\u00e9v &#8211; 25 mars<\/span><\/td>\n<td><span style=\"font-size: 12px; font-family: helvetica, arial, sans-serif;\">079 444 24 01<br \/>\n<\/span><\/td>\n<td><span style=\"font-family: helvetica, arial, sans-serif; font-size: 12px;\"><a href=\"mailto:casimir.gabioud@paroisse-orsieres.ch\">mail<\/a><\/span><\/td>\n<td><span style=\"font-family: helvetica, arial, sans-serif; font-size: 12px;\">300.-<\/span><\/td>\n<td><span style=\"font-family: helvetica, arial, sans-serif; font-size: 12px;\">mardi<\/span><\/td>\n<td><span style=\"font-family: helvetica, arial, sans-serif; font-size: 12px;\">Restaurant &#8220;Le Terminus&#8221; \u00e0 Orsi\u00e8res (la gare)<\/span><\/td>\n<\/tr>\n<tr>\n<td><span style=\"font-family: helvetica, arial, sans-serif; font-size: 12px;\">Cr\u00eat-B\u00e9rard<\/span><\/p>\n<p><span style=\"font-family: helvetica, arial, sans-serif; font-size: 12px;\"> (VD)<\/span><\/td>\n<td><span style=\"font-family: helvetica, arial, sans-serif; font-size: 12px;\">6 f\u00e9vrier<\/span><\/td>\n<td><span style=\"font-size: 12px; font-family: helvetica, arial, sans-serif;\">021 946 03 60<\/span><\/td>\n<td><span style=\"font-family: helvetica, arial, sans-serif; font-size: 12px;\"><a title=\"Inscription Soir\u00e9es E&amp;L\" href=\"mailto:alain.monnard@cret-berard.ch\">mail<br \/>\n<\/a><\/span><\/td>\n<td><span style=\"font-family: helvetica, arial, sans-serif; font-size: 12px;\">libre<\/span><\/td>\n<td><span style=\"font-family: helvetica, arial, sans-serif; font-size: 12px;\">jeudi<\/span><\/td>\n<td><span style=\"font-family: helvetica, arial, sans-serif; font-size: 12px;\">Soir\u00e9e de pr\u00e9sentation<\/span><\/td>\n<\/tr>\n<tr>\n<td><span style=\"font-family: helvetica, arial, sans-serif; font-size: 12px;\">Echenevex <\/span><\/p>\n<p><span style=\"font-family: helvetica, arial, sans-serif; font-size: 12px;\">(France)<\/span><\/td>\n<td><span style=\"font-family: helvetica, arial, sans-serif; font-size: 12px;\">13 f\u00e9vrier<\/span><\/td>\n<td><span style=\"font-size: 12px; font-family: helvetica, arial, sans-serif;\">04 50 42 30 11<\/span><\/td>\n<td><span style=\"font-family: helvetica, arial, sans-serif; font-size: 12px;\"><a title=\"Inscription Soir\u00e9es E&amp;L\" href=\"mailto:alain.monnard@cret-berard.ch\"><br \/>\n<\/a><a href=\"mailto:cessy.elleetlui@gmail.com\">mail<\/a><\/span><\/td>\n<td><span style=\"font-family: helvetica, arial, sans-serif; font-size: 12px;\">libre participation aux frais<\/span><\/td>\n<td><span style=\"font-family: helvetica, arial, sans-serif; font-size: 12px;\">jeudi<\/span><\/td>\n<td><span style=\"font-family: helvetica, arial, sans-serif; font-size: 12px;\">[F\u00eate de la Saint Valentin|salle communale la Chenaille, route de la Chenaille , 01170 Echenevex, de 19h30 \u00e0 22h]<a href=\"download\/stvalentin2014fr.pdf\">D\u00e9pliant<\/a><\/span><\/td>\n<\/tr>\n<tr>\n<td><span style=\"font-family: helvetica, arial, sans-serif; font-size: 12px;\">Chaux-de-Fonds <\/span><\/p>\n<p><span style=\"font-family: helvetica, arial, sans-serif; font-size: 12px;\">(NE)<\/span><\/td>\n<td><span style=\"font-family: helvetica, arial, sans-serif; font-size: 12px;\">14 f\u00e9vrier \u00e0 23 mai<\/span><\/td>\n<td><span style=\"font-size: 12px; font-family: helvetica, arial, sans-serif;\">032 926 00 60<\/span><\/td>\n<td><span style=\"font-family: helvetica, arial, sans-serif; font-size: 12px;\"><a title=\"Inscription soir\u00e9es E&amp;L\" href=\"mailto:bioret.nicostel@bluewin.ch\">mail<\/a><\/span><\/td>\n<td><span style=\"font-family: helvetica, arial, sans-serif; font-size: 12px;\">370.- (hors boissons)<\/span><\/td>\n<td><span style=\"font-family: helvetica, arial, sans-serif; font-size: 12px;\">vendredi<\/span><\/td>\n<td><span style=\"font-family: helvetica, arial, sans-serif; font-size: 12px;\">Restaurant <a href=\"http:\/\/yellow.local.ch\/fr\/d\/La-Chaux-de-Fonds\/2300\/Cafe-Restaurant\/Au-Cafignon-uIIDXAHAJEGdA94scz-S4w\">le Cafignon<\/a><\/span><\/td>\n<\/tr>\n<tr>\n<td><span style=\"font-family: helvetica, arial, sans-serif; font-size: 12px;\">Lausanne (VD)<\/span><\/td>\n<td><span style=\"font-family: helvetica, arial, sans-serif; font-size: 12px;\">14 mars \u00e0 16 mai<\/span><\/td>\n<td><span style=\"font-family: helvetica, arial, sans-serif; font-size: 12px;\">021\/652.19.42<\/span><\/td>\n<td><span style=\"font-family: helvetica, arial, sans-serif; font-size: 12px;\"><a href=\"mailto:lisafrederic@bluewin.ch\">mail<\/a><a title=\"Inscription soir\u00e9es E&amp;L\" href=\"mailto:bioret.nicostel@bluewin.ch\"><br \/>\n<\/a><\/span><\/td>\n<td><span style=\"font-family: helvetica, arial, sans-serif; font-size: 12px;\">300.- Avec une garde pour<\/span><\/p>\n<p><span style=\"font-family: helvetica, arial, sans-serif; font-size: 12px;\">des enfants<\/span><\/td>\n<td><span style=\"font-family: helvetica, arial, sans-serif; font-size: 12px;\">vendredi<\/span><\/td>\n<td><span style=\"font-family: helvetica, arial, sans-serif; font-size: 12px;\">EE, <a href=\"http:\/\/www.eep24.ch\/page27.php\">Provence 24<\/a><\/span><\/td>\n<\/tr>\n<tr>\n<td><span style=\"font-family: helvetica, arial, sans-serif; font-size: 12px;\">Echenevex <\/span><\/p>\n<p><span style=\"font-family: helvetica, arial, sans-serif; font-size: 12px;\">(<\/span><span style=\"font-family: helvetica, arial, sans-serif; font-size: 12px;\">France)<\/span><\/td>\n<td><span style=\"font-family: helvetica, arial, sans-serif; font-size: 12px;\">20 mars au 5 juin<\/span><\/td>\n<td><span style=\"font-family: helvetica, arial, sans-serif; font-size: 12px;\">04 50 41 57 05<\/span><\/td>\n<td><span style=\"font-family: helvetica, arial, sans-serif; font-size: 12px;\"><a href=\"mailto:cessy.elleetlui@gmail.com\">mail<\/a><\/span><\/td>\n<td><span style=\"font-family: helvetica, arial, sans-serif; font-size: 12px;\">150 \u20ac<\/span><\/td>\n<td><span style=\"font-family: helvetica, arial, sans-serif; font-size: 12px;\">jeudi<\/span><\/td>\n<td><span style=\"font-family: helvetica, arial, sans-serif; font-size: 12px;\">[Echenevex|salle communale la Chenaille, route de la Chenaille , 01170 Echenevex, de 19h30 \u00e0 22h]<\/span><\/td>\n<\/tr>\n<tr>\n<td><span style=\"font-family: helvetica, arial, sans-serif; font-size: 12px;\">Sion (VS)<\/span><\/td>\n<td><span style=\"font-family: helvetica, arial, sans-serif; font-size: 12px;\">28 mars &#8211; 20 juin<\/span><\/td>\n<td><span style=\"font-family: helvetica, arial, sans-serif; font-size: 12px;\">079 103.43.05<\/span><\/td>\n<td><span style=\"font-family: helvetica, arial, sans-serif; font-size: 12px;\"><a href=\"mailto:pmebeeusaert@bluewin.ch\">mail<br \/>\n<\/a><\/span><\/td>\n<td><span style=\"font-family: helvetica, arial, sans-serif; font-size: 12px;\">560.00<\/span><\/td>\n<td><span style=\"font-family: helvetica, arial, sans-serif; font-size: 12px;\">vendredi<\/span><\/td>\n<td><\/td>\n<\/tr>\n<tr>\n<td><span style=\"font-family: helvetica, arial, sans-serif; font-size: 12px;\">Cr\u00eat-B\u00e9rard (VD)<\/span><\/td>\n<td><span style=\"font-family: helvetica, arial, sans-serif; font-size: 12px;\">28 avril &#8211; 16 juin<\/span><\/td>\n<td><span style=\"font-size: 12px; font-family: helvetica, arial, sans-serif;\">021 946 03 60<\/span><\/td>\n<td><span style=\"font-family: helvetica, arial, sans-serif; font-size: 12px;\"><a title=\"Inscription soir\u00e9es E&amp;L\" href=\"mailto:alain.monnard@cret-berard.ch\">mail<br \/>\n<\/a><\/span><\/td>\n<td><span style=\"font-family: helvetica, arial, sans-serif; font-size: 12px;\">320.-<\/span><\/td>\n<td><span style=\"font-family: helvetica, arial, sans-serif; font-size: 12px;\">lundi<\/span><\/td>\n<td><span style=\"font-family: helvetica, arial, sans-serif; font-size: 12px;\">Cr\u00eat-B\u00e9rard<\/span><\/td>\n<\/tr>\n<tr>\n<td><span style=\"font-family: helvetica, arial, sans-serif; font-size: 12px;\">Fleurier (NE)<\/span><\/td>\n<td><span style=\"font-family: helvetica, arial, sans-serif; font-size: 12px;\">26 ao\u00fbt &#8211;\u00a0 18 nov<\/span><\/td>\n<td><span style=\"font-size: 12px; font-family: helvetica, arial, sans-serif;\">079 342 87 49<\/span><\/td>\n<td><span style=\"font-family: helvetica, arial, sans-serif; font-size: 12px;\"><a title=\"Inscription soir\u00e9es E&amp;L\" href=\"mailto:valery.gonin@gmail.com\">mail<br \/>\n<\/a><\/span><\/td>\n<td><span style=\"font-family: helvetica, arial, sans-serif; font-size: 12px;\">350.-<\/span><\/td>\n<td><span style=\"font-family: helvetica, arial, sans-serif; font-size: 12px;\">mardi<\/span><\/td>\n<td><span style=\"font-family: helvetica, arial, sans-serif; font-size: 12px;\">Restaurant <a href=\"http:\/\/www.pizzafun.ch\/\">Pizza fun<\/a><\/span><\/td>\n<\/tr>\n<tr>\n<td><span style=\"font-family: helvetica, arial, sans-serif; font-size: 12px;\">Echenevex<\/span><\/p>\n<p><span style=\"font-family: helvetica, arial, sans-serif; font-size: 12px;\"> &#8211; portes ouvetes (F)<\/span><\/td>\n<td><span style=\"font-family: helvetica, arial, sans-serif; font-size: 12px;\">18 sept<\/span><\/td>\n<td><span style=\"font-size: 12px; font-family: helvetica, arial, sans-serif;\"> + 41 77 410 00 30<\/span><\/td>\n<td><span style=\"font-family: helvetica, arial, sans-serif; font-size: 12px;\"><a title=\"Inscription soir\u00e9es E&amp;L\" href=\"mailto:valery.gonin@gmail.com\">\u00a0<\/a><\/span><\/td>\n<td><span style=\"font-family: helvetica, arial, sans-serif; font-size: 12px;\">-.-<\/span><\/td>\n<td><span style=\"font-family: helvetica, arial, sans-serif; font-size: 12px;\">jeudi<\/span><\/td>\n<td><span style=\"font-family: helvetica, arial, sans-serif; font-size: 12px;\">[Echenevex|salle communale la Chenaille, route de la Chenaille , 01170 Echenevex, de 19h30 \u00e0 22h]<\/span><\/td>\n<\/tr>\n<tr>\n<td><span style=\"font-family: helvetica, arial, sans-serif; font-size: 12px;\">Echenevex (F)<\/span><\/td>\n<td><span style=\"font-family: helvetica, arial, sans-serif; font-size: 12px;\">2 oct &#8211; 4 d\u00e9c<\/span><\/td>\n<td><span style=\"font-size: 12px; font-family: helvetica, arial, sans-serif;\">+ 41 77 410 00 30<\/span><\/td>\n<td><span style=\"font-family: helvetica, arial, sans-serif; font-size: 12px;\"><a href=\"mailto:pbalebas@gmail.com\">mail<\/a><\/span><\/td>\n<td><span style=\"font-family: helvetica, arial, sans-serif; font-size: 12px;\">150\u20ac<\/span><\/td>\n<td><span style=\"font-family: helvetica, arial, sans-serif; font-size: 12px;\">jeudi<\/span><\/td>\n<td><span style=\"font-family: helvetica, arial, sans-serif; font-size: 12px;\">[Echenevex|salle communale la Chenaille, route de la Chenaille , 01170 Echenevex, de 19h30 \u00e0 22h]<\/span><\/td>\n<\/tr>\n<tr>\n<td><span style=\"font-family: helvetica, arial, sans-serif; font-size: 12px;\">Colombier (NE)<\/span><\/td>\n<td><span style=\"font-family: helvetica, arial, sans-serif; font-size: 12px;\">3 oct &#8211; 30 jan 2015<\/span><\/td>\n<td><span style=\"font-size: 12px; font-family: helvetica, arial, sans-serif;\">032 751 12 68<br \/>\n<\/span><\/td>\n<td><span style=\"font-family: helvetica, arial, sans-serif; font-size: 12px;\"><a href=\"mailto:pbalebas@gmail.com\">\u00a0<\/a><\/span><\/td>\n<td><span style=\"font-family: helvetica, arial, sans-serif; font-size: 12px;\">350.-<\/span><\/td>\n<td><span style=\"font-family: helvetica, arial, sans-serif; font-size: 12px;\">vendredi<\/span><\/td>\n<td><span style=\"font-family: helvetica, arial, sans-serif; font-size: 12px;\">d\u00e9j\u00e0 complet<\/span><\/td>\n<\/tr>\n<tr>\n<td><span style=\"font-family: helvetica, arial, sans-serif; font-size: 12px;\">Arconciel (FR)<\/span><\/td>\n<td><span style=\"font-family: helvetica, arial, sans-serif; font-size: 12px;\">4 oct &#8211; 29 nov<\/span><\/td>\n<td><span style=\"font-size: 12px; font-family: helvetica, arial, sans-serif;\">079 719 13 31 <\/span><\/td>\n<td><span style=\"font-family: helvetica, arial, sans-serif; font-size: 12px;\"><a title=\"Inscription soir\u00e9es E&amp;L\" href=\"mailto:esther.brocard@gmail.com\">mail<br \/>\n<\/a><\/span><\/td>\n<td><span style=\"font-family: helvetica, arial, sans-serif; font-size: 12px;\">497.-<\/span><\/td>\n<td><span style=\"font-family: helvetica, arial, sans-serif; font-size: 12px;\">samedi<\/span><\/td>\n<td><span style=\"font-family: helvetica, arial, sans-serif; font-size: 12px;\">Auberge des Trois Sapins, 1732 Arconciel<\/span><\/td>\n<\/tr>\n<tr>\n<td><span style=\"font-family: helvetica, arial, sans-serif; font-size: 12px;\">Fribourg (FR)<\/span><\/td>\n<td><span style=\"font-family: helvetica, arial, sans-serif; font-size: 12px;\">4 nov &#8211; 9 d\u00e9c<\/span><\/td>\n<td><span style=\"font-size: 12px; font-family: helvetica, arial, sans-serif;\">026 426 34 84<\/span><\/td>\n<td><span style=\"font-family: helvetica, arial, sans-serif; font-size: 12px;\"><a title=\"Inscription soir\u00e9es E&amp;L\" href=\"mailto:pastorale.familiale@e-frp.ch\">mail<br \/>\n<\/a><\/span><\/td>\n<td><span style=\"font-family: helvetica, arial, sans-serif; font-size: 12px;\">280.-<\/span><\/td>\n<td><span style=\"font-family: helvetica, arial, sans-serif; font-size: 12px;\">mardi<\/span><\/td>\n<td><span style=\"font-family: helvetica, arial, sans-serif; font-size: 12px;\"><a href=\"https:\/\/www.google.ch\/maps\/place\/St-Justin\/@46.804934,7.155302,3a,75y,326.73h,90t\/data=!3m4!1e1!3m2!1sp2TM3kJiuni0HCdtLFPLTQ!2e0!4m2!3m1!1s0x0:0x26b522e72d547427!6m1!1e1\" target=\"_blank\" rel=\"noopener noreferrer\">Restaurant de la Cit\u00e9<\/a> Saint Justin<\/span><\/td>\n<\/tr>\n<\/tbody>\n<\/table>\n<p>&nbsp;<\/p>\n<p>&nbsp;<\/p>\n<p>&nbsp;<\/p>\n<p>&nbsp;<\/p>\n<p>&nbsp;<\/p>\n<p>&nbsp;<\/p>\n<p>&nbsp;<\/p>\n<p>&nbsp;<\/p>\n<p>&nbsp;<\/p>\n<p>&nbsp;<\/p>\n<p>&nbsp;<\/p>\n<p>&nbsp;<\/p>\n<p style=\"text-align: left;\"><span style=\"font-family: helvetica, arial, sans-serif; font-size: 12px;\"><strong> <\/strong><\/span><\/p>\n","protected":false},"excerpt":{"rendered":"<p>Lieu Date T\u00e9l Courriel Prix par couple Jour Infos Orsi\u00e8res (VS) 4 f\u00e9v &#8211; 25 mars 079 444 24 01 mail 300.- mardi Restaurant &#8220;Le Terminus&#8221; \u00e0 Orsi\u00e8res (la gare) Cr\u00eat-B\u00e9rard (VD) 6 f\u00e9vrier 021 946 03 60 mail libre &hellip; <a href=\"http:\/\/ellelui.ch\/?page_id=337\">Continue reading <span class=\"meta-nav\">&rarr;<\/span><\/a><\/p>\n","protected":false},"author":2,"featured_media":0,"parent":161,"menu_order":6,"comment_status":"closed","ping_status":"closed","template":"onecolumn-page.php","meta":[],"_links":{"self":[{"href":"http:\/\/ellelui.ch\/index.php?rest_route=\/wp\/v2\/pages\/337"}],"collection":[{"href":"http:\/\/ellelui.ch\/index.php?rest_route=\/wp\/v2\/pages"}],"about":[{"href":"http:\/\/ellelui.ch\/index.php?rest_route=\/wp\/v2\/types\/page"}],"author":[{"embeddable":true,"href":"http:\/\/ellelui.ch\/index.php?rest_route=\/wp\/v2\/users\/2"}],"replies":[{"embeddable":true,"href":"http:\/\/ellelui.ch\/index.php?rest_route=%2Fwp%2Fv2%2Fcomments&post=337"}],"version-history":[{"count":4,"href":"http:\/\/ellelui.ch\/index.php?rest_route=\/wp\/v2\/pages\/337\/revisions"}],"predecessor-version":[{"id":676,"href":"http:\/\/ellelui.ch\/index.php?rest_route=\/wp\/v2\/pages\/337\/revisions\/676"}],"up":[{"embeddable":true,"href":"http:\/\/ellelui.ch\/index.php?rest_route=\/wp\/v2\/pages\/161"}],"wp:attachment":[{"href":"http:\/\/ellelui.ch\/index.php?rest_route=%2Fwp%2Fv2%2Fmedia&parent=337"}],"curies":[{"name":"wp","href":"https:\/\/api.w.org\/{rel}","templated":true}]}}